{"id":14,"date":"2022-06-29T21:14:43","date_gmt":"2022-06-30T00:14:43","guid":{"rendered":"https:\/\/queimartequeima.com.br\/?page_id=14"},"modified":"2024-02-14T08:45:41","modified_gmt":"2024-02-14T11:45:41","slug":"home","status":"publish","type":"page","link":"https:\/\/queimartequeima.com.br\/","title":{"rendered":"home"},"content":{"rendered":"\t\t<div data-elementor-type=\"wp-page\" data-elementor-id=\"14\" class=\"elementor elementor-14\">\n\t\t\t\t\t\t\t\t\t<section class=\"elementor-section elementor-top-section elementor-element elementor-element-ae777c1 elementor-section-full_width elementor-section-height-default elementor-section-height-default\" data-id=\"ae777c1\" data-element_type=\"section\">\n\t\t\t\t\t\t<div class=\"elementor-container elementor-column-gap-no\">\n\t\t\t\t\t<div class=\"elementor-column elementor-col-100 elementor-top-column elementor-element elementor-element-7feac46\" data-id=\"7feac46\" data-element_type=\"column\">\n\t\t\t<div class=\"elementor-widget-wrap elementor-element-populated\">\n\t\t\t\t\t\t\t\t<div class=\"elementor-element elementor-element-96025c0 elementor-widget elementor-widget-image\" data-id=\"96025c0\" data-element_type=\"widget\" data-widget_type=\"image.default\">\n\t\t\t\t<div class=\"elementor-widget-container\">\n\t\t\t<style>\/*! elementor - v3.6.8 - 27-07-2022 *\/\n.elementor-widget-image{text-align:center}.elementor-widget-image a{display:inline-block}.elementor-widget-image a img[src$=\".svg\"]{width:48px}.elementor-widget-image img{vertical-align:middle;display:inline-block}<\/style>\t\t\t\t\t\t\t\t\t\t\t\t<img loading=\"lazy\" decoding=\"async\" width=\"1920\" height=\"1492\" src=\"https:\/\/queimartequeima.com.br\/wp-content\/uploads\/2023\/05\/Banner_principal-2.jpg\" class=\"attachment-full size-full\" alt=\"\" srcset=\"https:\/\/queimartequeima.com.br\/wp-content\/uploads\/2023\/05\/Banner_principal-2.jpg 1920w, https:\/\/queimartequeima.com.br\/wp-content\/uploads\/2023\/05\/Banner_principal-2-300x233.jpg 300w, https:\/\/queimartequeima.com.br\/wp-content\/uploads\/2023\/05\/Banner_principal-2-1024x796.jpg 1024w, https:\/\/queimartequeima.com.br\/wp-content\/uploads\/2023\/05\/Banner_principal-2-768x597.jpg 768w, https:\/\/queimartequeima.com.br\/wp-content\/uploads\/2023\/05\/Banner_principal-2-1536x1194.jpg 1536w\" sizes=\"auto, (max-width: 1920px) 100vw, 1920px\" \/>\t\t\t\t\t\t\t\t\t\t\t\t\t\t\t<\/div>\n\t\t\t\t<\/div>\n\t\t\t\t\t<\/div>\n\t\t<\/div>\n\t\t\t\t\t\t\t<\/div>\n\t\t<\/section>\n\t\t\t\t<section class=\"elementor-section elementor-top-section elementor-element elementor-element-ad3c61f elementor-section-boxed elementor-section-height-default elementor-section-height-default\" data-id=\"ad3c61f\" data-element_type=\"section\" id=\"sobre\" data-settings=\"{&quot;background_background&quot;:&quot;classic&quot;}\">\n\t\t\t\t\t\t<div class=\"elementor-container elementor-column-gap-default\">\n\t\t\t\t\t<div class=\"elementor-column elementor-col-100 elementor-top-column elementor-element elementor-element-02751a0\" data-id=\"02751a0\" data-element_type=\"column\">\n\t\t\t<div class=\"elementor-widget-wrap elementor-element-populated\">\n\t\t\t\t\t\t\t\t<div class=\"elementor-element elementor-element-e6a6b6b elementor-widget elementor-widget-text-editor\" data-id=\"e6a6b6b\" data-element_type=\"widget\" data-widget_type=\"text-editor.default\">\n\t\t\t\t<div class=\"elementor-widget-container\">\n\t\t\t<style>\/*! elementor - v3.6.8 - 27-07-2022 *\/\n.elementor-widget-text-editor.elementor-drop-cap-view-stacked .elementor-drop-cap{background-color:#818a91;color:#fff}.elementor-widget-text-editor.elementor-drop-cap-view-framed .elementor-drop-cap{color:#818a91;border:3px solid;background-color:transparent}.elementor-widget-text-editor:not(.elementor-drop-cap-view-default) .elementor-drop-cap{margin-top:8px}.elementor-widget-text-editor:not(.elementor-drop-cap-view-default) .elementor-drop-cap-letter{width:1em;height:1em}.elementor-widget-text-editor .elementor-drop-cap{float:left;text-align:center;line-height:1;font-size:50px}.elementor-widget-text-editor .elementor-drop-cap-letter{display:inline-block}<\/style>\t\t\t\t<p><span style=\"font-weight: 400;\">Voc\u00ea pode n\u00e3o saber, mas os inc\u00eandios florestais prejudicam a todos de maneira muito direta, seja na qualidade do ar, na falta de energia e \u00e1gua, no impacto financeiro e principalmente no futuro de nossas crian\u00e7as.\u00a0<\/span><\/p><p>\u00a0<\/p><p><b>Por isso te convidamos para,\u00a0 juntos,\u00a0 fazermos\u00a0 a mudan\u00e7a.\u00a0<\/b><\/p><p>\u00a0<\/p><p><span style=\"font-weight: 400;\">Muitos\u00a0 problemas atuais do mundo s\u00e3o causa direta da irresponsabilidade de inc\u00eandios florestais criminosos e juntos podemos mudar essa realidade.<\/span><\/p><p>\u00a0<\/p><p><span style=\"font-weight: 400;\">As a\u00e7\u00f5es de agora podem ter efeito imediato mas, principalmente, garantir o futuro de nossas crian\u00e7as.<\/span><\/p><p><br \/><span style=\"font-weight: 400;\">Inc\u00eandios florestais \u00e9 um problema de todos. <\/span><b>Queimar te queima!<\/b><\/p>\t\t\t\t\t\t<\/div>\n\t\t\t\t<\/div>\n\t\t\t\t\t<\/div>\n\t\t<\/div>\n\t\t\t\t\t\t\t<\/div>\n\t\t<\/section>\n\t\t\t\t<section class=\"elementor-section elementor-top-section elementor-element elementor-element-0b66df6 elementor-section-height-min-height elementor-section-boxed elementor-section-height-default elementor-section-items-middle\" data-id=\"0b66df6\" data-element_type=\"section\" id=\"amif\" data-settings=\"{&quot;background_background&quot;:&quot;gradient&quot;}\">\n\t\t\t\t\t\t<div class=\"elementor-container elementor-column-gap-default\">\n\t\t\t\t\t<div class=\"elementor-column elementor-col-100 elementor-top-column elementor-element elementor-element-b17f994\" data-id=\"b17f994\" data-element_type=\"column\" data-settings=\"{&quot;background_background&quot;:&quot;classic&quot;}\">\n\t\t\t<div class=\"elementor-widget-wrap elementor-element-populated\">\n\t\t\t\t\t\t\t\t<div class=\"elementor-element elementor-element-2e986b7 elementor-widget elementor-widget-image\" data-id=\"2e986b7\" data-element_type=\"widget\" data-widget_type=\"image.default\">\n\t\t\t\t<div class=\"elementor-widget-container\">\n\t\t\t\t\t\t\t\t\t\t\t\t\t\t\t<img loading=\"lazy\" decoding=\"async\" width=\"1385\" height=\"406\" src=\"https:\/\/queimartequeima.com.br\/wp-content\/uploads\/2022\/06\/amif.png\" class=\"attachment-full size-full\" alt=\"\" srcset=\"https:\/\/queimartequeima.com.br\/wp-content\/uploads\/2022\/06\/amif.png 1385w, https:\/\/queimartequeima.com.br\/wp-content\/uploads\/2022\/06\/amif-300x88.png 300w, https:\/\/queimartequeima.com.br\/wp-content\/uploads\/2022\/06\/amif-1024x300.png 1024w, https:\/\/queimartequeima.com.br\/wp-content\/uploads\/2022\/06\/amif-768x225.png 768w\" sizes=\"auto, (max-width: 1385px) 100vw, 1385px\" \/>\t\t\t\t\t\t\t\t\t\t\t\t\t\t\t<\/div>\n\t\t\t\t<\/div>\n\t\t\t\t<div class=\"elementor-element elementor-element-c044c14 elementor-widget elementor-widget-text-editor\" data-id=\"c044c14\" data-element_type=\"widget\" data-widget_type=\"text-editor.default\">\n\t\t\t\t<div class=\"elementor-widget-container\">\n\t\t\t\t\t\t\t<p dir=\"ltr\">A AMIF representa a cadeia produtiva mineira de florestas plantadas: maior cultura agr\u00edcola de Minas Gerais com 2,3 milh\u00f5es de hectares. Essa cadeia re\u00fane sider\u00fargicas e ferroligas a carv\u00e3o vegetal; segmentos de celulose e papel; pain\u00e9is; chapas; pisos laminados; madeira natural; madeira tratada; reflorestadoras; fundos de investimentos; dentre outros empreendimentos.<\/p>\n<p dir=\"ltr\">A entidade atua na defesa da produ\u00e7\u00e3o de madeira a partir das florestas plantadas de forma renov\u00e1vel, legal e sustent\u00e1vel, fortalecendo a ind\u00fastria na gera\u00e7\u00e3o de riquezas para o pa\u00eds. O \u00faltimo balan\u00e7o publicado pela AMIF em 2021 (ano base 2020) mostra que o setor florestal mineiro gera mais de 115 mil empregos diretos e indiretos, al\u00e9m de beneficiar cerca de 615 mil pessoas em projetos socioambientais com investimento pr\u00f3prio e incentivado. O setor tamb\u00e9m conserva 1,3 milh\u00e3o de hectares no Estado em \u00c1reas de Preserva\u00e7\u00e3o Permanente (APPs), Reservas Legais (RLs), Reservas Particulares do Patrim\u00f4nio Natural (RPPNs) e programas de restaura\u00e7\u00e3o de \u00e1reas degradadas. A conserva\u00e7\u00e3o \u00e9 fruto de um desenvolvimento econ\u00f4mico aliado \u00e0 preserva\u00e7\u00e3o ambiental, uma vez que florestas plantadas e florestas nativas convivem em mosaicos que fortalecem a produtividade do setor e a pr\u00f3pria prote\u00e7\u00e3o da natureza.\n<\/p>\n<p dir=\"ltr\">Atuamos institucionalmente junto aos \u00f3rg\u00e3os governamentais, autoridades, universidades, institui\u00e7\u00f5es, imprensa, consumidores e outros importantes setores econ\u00f4micos, pol\u00edticos, ambientais e sociais.<\/p>\t\t\t\t\t\t<\/div>\n\t\t\t\t<\/div>\n\t\t\t\t\t<\/div>\n\t\t<\/div>\n\t\t\t\t\t\t\t<\/div>\n\t\t<\/section>\n\t\t\t\t<section class=\"elementor-section elementor-top-section elementor-element elementor-element-25146d3 elementor-section-full_width elementor-section-height-default elementor-section-height-default\" data-id=\"25146d3\" data-element_type=\"section\" id=\"apoiadores\" data-settings=\"{&quot;background_background&quot;:&quot;classic&quot;}\">\n\t\t\t\t\t\t<div class=\"elementor-container elementor-column-gap-no\">\n\t\t\t\t\t<div class=\"elementor-column elementor-col-100 elementor-top-column elementor-element elementor-element-580cb97\" data-id=\"580cb97\" data-element_type=\"column\">\n\t\t\t<div class=\"elementor-widget-wrap elementor-element-populated\">\n\t\t\t\t\t\t\t\t<div class=\"elementor-element elementor-element-6e03ac0 elementor-widget elementor-widget-heading\" data-id=\"6e03ac0\" data-element_type=\"widget\" data-widget_type=\"heading.default\">\n\t\t\t\t<div class=\"elementor-widget-container\">\n\t\t\t<style>\/*! elementor - v3.6.8 - 27-07-2022 *\/\n.elementor-heading-title{padding:0;margin:0;line-height:1}.elementor-widget-heading .elementor-heading-title[class*=elementor-size-]>a{color:inherit;font-size:inherit;line-height:inherit}.elementor-widget-heading .elementor-heading-title.elementor-size-small{font-size:15px}.elementor-widget-heading .elementor-heading-title.elementor-size-medium{font-size:19px}.elementor-widget-heading .elementor-heading-title.elementor-size-large{font-size:29px}.elementor-widget-heading .elementor-heading-title.elementor-size-xl{font-size:39px}.elementor-widget-heading .elementor-heading-title.elementor-size-xxl{font-size:59px}<\/style><h2 class=\"elementor-heading-title elementor-size-default\">Apoiadores<\/h2>\t\t<\/div>\n\t\t\t\t<\/div>\n\t\t\t\t<div class=\"elementor-element elementor-element-ea7ef88 elementor-hidden-tablet elementor-hidden-mobile elementor-widget elementor-widget-image\" data-id=\"ea7ef88\" data-element_type=\"widget\" data-widget_type=\"image.default\">\n\t\t\t\t<div class=\"elementor-widget-container\">\n\t\t\t\t\t\t\t\t\t\t\t\t\t\t\t<img loading=\"lazy\" decoding=\"async\" width=\"2048\" height=\"320\" src=\"https:\/\/queimartequeima.com.br\/wp-content\/uploads\/2023\/05\/marcas.png\" class=\"attachment-full size-full\" alt=\"\" srcset=\"https:\/\/queimartequeima.com.br\/wp-content\/uploads\/2023\/05\/marcas.png 2048w, https:\/\/queimartequeima.com.br\/wp-content\/uploads\/2023\/05\/marcas-300x47.png 300w, https:\/\/queimartequeima.com.br\/wp-content\/uploads\/2023\/05\/marcas-1024x160.png 1024w, https:\/\/queimartequeima.com.br\/wp-content\/uploads\/2023\/05\/marcas-768x120.png 768w, https:\/\/queimartequeima.com.br\/wp-content\/uploads\/2023\/05\/marcas-1536x240.png 1536w\" sizes=\"auto, (max-width: 2048px) 100vw, 2048px\" \/>\t\t\t\t\t\t\t\t\t\t\t\t\t\t\t<\/div>\n\t\t\t\t<\/div>\n\t\t\t\t<div class=\"elementor-element elementor-element-34a4cde elementor-hidden-desktop elementor-widget elementor-widget-image\" data-id=\"34a4cde\" data-element_type=\"widget\" data-widget_type=\"image.default\">\n\t\t\t\t<div class=\"elementor-widget-container\">\n\t\t\t\t\t\t\t\t\t\t\t\t\t\t\t<img loading=\"lazy\" decoding=\"async\" width=\"8001\" height=\"3898\" src=\"https:\/\/queimartequeima.com.br\/wp-content\/uploads\/2022\/06\/Prancheta-2.png\" class=\"attachment-full size-full\" alt=\"\" srcset=\"https:\/\/queimartequeima.com.br\/wp-content\/uploads\/2022\/06\/Prancheta-2.png 8001w, https:\/\/queimartequeima.com.br\/wp-content\/uploads\/2022\/06\/Prancheta-2-300x146.png 300w, https:\/\/queimartequeima.com.br\/wp-content\/uploads\/2022\/06\/Prancheta-2-1024x499.png 1024w, https:\/\/queimartequeima.com.br\/wp-content\/uploads\/2022\/06\/Prancheta-2-768x374.png 768w, https:\/\/queimartequeima.com.br\/wp-content\/uploads\/2022\/06\/Prancheta-2-1536x748.png 1536w, https:\/\/queimartequeima.com.br\/wp-content\/uploads\/2022\/06\/Prancheta-2-2048x998.png 2048w\" sizes=\"auto, (max-width: 8001px) 100vw, 8001px\" \/>\t\t\t\t\t\t\t\t\t\t\t\t\t\t\t<\/div>\n\t\t\t\t<\/div>\n\t\t\t\t\t<\/div>\n\t\t<\/div>\n\t\t\t\t\t\t\t<\/div>\n\t\t<\/section>\n\t\t\t\t<section class=\"elementor-section elementor-top-section elementor-element elementor-element-43952c5 elementor-section-full_width elementor-section-height-default elementor-section-height-default\" data-id=\"43952c5\" data-element_type=\"section\">\n\t\t\t\t\t\t<div class=\"elementor-container elementor-column-gap-no\">\n\t\t\t\t\t<div class=\"elementor-column elementor-col-100 elementor-top-column elementor-element elementor-element-3ba9602\" data-id=\"3ba9602\" data-element_type=\"column\">\n\t\t\t<div class=\"elementor-widget-wrap elementor-element-populated\">\n\t\t\t\t\t\t\t\t<div class=\"elementor-element elementor-element-49e5c1c elementor-widget elementor-widget-image\" data-id=\"49e5c1c\" data-element_type=\"widget\" data-widget_type=\"image.default\">\n\t\t\t\t<div class=\"elementor-widget-container\">\n\t\t\t\t\t\t\t\t\t\t\t\t\t\t\t<img loading=\"lazy\" decoding=\"async\" width=\"1920\" height=\"690\" src=\"https:\/\/queimartequeima.com.br\/wp-content\/uploads\/2023\/05\/banner_vaca-1.jpg\" class=\"attachment-full size-full\" alt=\"\" srcset=\"https:\/\/queimartequeima.com.br\/wp-content\/uploads\/2023\/05\/banner_vaca-1.jpg 1920w, https:\/\/queimartequeima.com.br\/wp-content\/uploads\/2023\/05\/banner_vaca-1-300x108.jpg 300w, https:\/\/queimartequeima.com.br\/wp-content\/uploads\/2023\/05\/banner_vaca-1-1024x368.jpg 1024w, https:\/\/queimartequeima.com.br\/wp-content\/uploads\/2023\/05\/banner_vaca-1-768x276.jpg 768w, https:\/\/queimartequeima.com.br\/wp-content\/uploads\/2023\/05\/banner_vaca-1-1536x552.jpg 1536w\" sizes=\"auto, (max-width: 1920px) 100vw, 1920px\" \/>\t\t\t\t\t\t\t\t\t\t\t\t\t\t\t<\/div>\n\t\t\t\t<\/div>\n\t\t\t\t\t<\/div>\n\t\t<\/div>\n\t\t\t\t\t\t\t<\/div>\n\t\t<\/section>\n\t\t\t\t<section class=\"elementor-section elementor-top-section elementor-element elementor-element-03cafea elementor-section-full_width elementor-section-height-default elementor-section-height-default\" data-id=\"03cafea\" data-element_type=\"section\" id=\"download\" data-settings=\"{&quot;background_background&quot;:&quot;classic&quot;}\">\n\t\t\t\t\t\t<div class=\"elementor-container elementor-column-gap-no\">\n\t\t\t\t\t<div class=\"elementor-column elementor-col-100 elementor-top-column elementor-element elementor-element-ffe13d8\" data-id=\"ffe13d8\" data-element_type=\"column\">\n\t\t\t<div class=\"elementor-widget-wrap elementor-element-populated\">\n\t\t\t\t\t\t\t\t<section class=\"elementor-section elementor-inner-section elementor-element elementor-element-d1d49dc elementor-section-boxed elementor-section-height-default elementor-section-height-default\" data-id=\"d1d49dc\" data-element_type=\"section\">\n\t\t\t\t\t\t<div class=\"elementor-container elementor-column-gap-default\">\n\t\t\t\t\t<div class=\"elementor-column elementor-col-50 elementor-inner-column elementor-element elementor-element-324c0cd\" data-id=\"324c0cd\" data-element_type=\"column\">\n\t\t\t<div class=\"elementor-widget-wrap elementor-element-populated\">\n\t\t\t\t\t\t\t\t<div class=\"elementor-element elementor-element-fbec4e9 elementor-widget elementor-widget-heading\" data-id=\"fbec4e9\" data-element_type=\"widget\" data-widget_type=\"heading.default\">\n\t\t\t\t<div class=\"elementor-widget-container\">\n\t\t\t<h2 class=\"elementor-heading-title elementor-size-default\">Ajude a prevenir os inc\u00eandios florestais<\/h2>\t\t<\/div>\n\t\t\t\t<\/div>\n\t\t\t\t<div class=\"elementor-element elementor-element-e12dc15 elementor-widget elementor-widget-text-editor\" data-id=\"e12dc15\" data-element_type=\"widget\" data-widget_type=\"text-editor.default\">\n\t\t\t\t<div class=\"elementor-widget-container\">\n\t\t\t\t\t\t\t<p>Baixe aqui os arquivos de divulga\u00e7\u00e3o da campanha e colabore para a conscientiza\u00e7\u00e3o sobre os danos que o inc\u00eandio pode causar.<\/p>\t\t\t\t\t\t<\/div>\n\t\t\t\t<\/div>\n\t\t\t\t\t<\/div>\n\t\t<\/div>\n\t\t\t\t<div class=\"elementor-column elementor-col-50 elementor-inner-column elementor-element elementor-element-194f5a9\" data-id=\"194f5a9\" data-element_type=\"column\">\n\t\t\t<div class=\"elementor-widget-wrap elementor-element-populated\">\n\t\t\t\t\t\t\t\t<div class=\"elementor-element elementor-element-908ec58 elementor-align-center elementor-widget elementor-widget-button\" data-id=\"908ec58\" data-element_type=\"widget\" data-widget_type=\"button.default\">\n\t\t\t\t<div class=\"elementor-widget-container\">\n\t\t\t\t\t<div class=\"elementor-button-wrapper\">\n\t\t\t<a href=\"https:\/\/queimartequeima.com.br\/index.php\/campanha-de-combate-ao-incendio\" class=\"elementor-button-link elementor-button elementor-size-xl\" role=\"button\">\n\t\t\t\t\t\t<span class=\"elementor-button-content-wrapper\">\n\t\t\t\t\t\t<span class=\"elementor-button-text\">Arquivos da campanha <\/span>\n\t\t<\/span>\n\t\t\t\t\t<\/a>\n\t\t<\/div>\n\t\t\t\t<\/div>\n\t\t\t\t<\/div>\n\t\t\t\t\t<\/div>\n\t\t<\/div>\n\t\t\t\t\t\t\t<\/div>\n\t\t<\/section>\n\t\t\t\t\t<\/div>\n\t\t<\/div>\n\t\t\t\t\t\t\t<\/div>\n\t\t<\/section>\n\t\t\t\t<section class=\"elementor-section elementor-top-section elementor-element elementor-element-b7d1a7d elementor-section-full_width elementor-section-height-default elementor-section-height-default\" data-id=\"b7d1a7d\" data-element_type=\"section\" id=\"contato\" data-settings=\"{&quot;background_background&quot;:&quot;classic&quot;}\">\n\t\t\t\t\t\t<div class=\"elementor-container elementor-column-gap-default\">\n\t\t\t\t\t<div class=\"elementor-column elementor-col-100 elementor-top-column elementor-element elementor-element-dd10bfb\" data-id=\"dd10bfb\" data-element_type=\"column\">\n\t\t\t<div class=\"elementor-widget-wrap elementor-element-populated\">\n\t\t\t\t\t\t\t\t<div class=\"elementor-element elementor-element-05e318e elementor-widget elementor-widget-heading\" data-id=\"05e318e\" data-element_type=\"widget\" data-widget_type=\"heading.default\">\n\t\t\t\t<div class=\"elementor-widget-container\">\n\t\t\t<h2 class=\"elementor-heading-title elementor-size-default\">quer combater os inc\u00eandios<br>\n<span style=\"color:#fff195\">mas ainda tem d\u00favidas?<\/h2>\t\t<\/div>\n\t\t\t\t<\/div>\n\t\t\t\t\t<\/div>\n\t\t<\/div>\n\t\t\t\t\t\t\t<\/div>\n\t\t<\/section>\n\t\t\t\t<section class=\"elementor-section elementor-top-section elementor-element elementor-element-64c01b1 elementor-section-boxed elementor-section-height-default elementor-section-height-default\" data-id=\"64c01b1\" data-element_type=\"section\" data-settings=\"{&quot;background_background&quot;:&quot;classic&quot;}\">\n\t\t\t\t\t\t<div class=\"elementor-container elementor-column-gap-default\">\n\t\t\t\t\t<div class=\"elementor-column elementor-col-100 elementor-top-column elementor-element elementor-element-e0614b4\" data-id=\"e0614b4\" data-element_type=\"column\">\n\t\t\t<div class=\"elementor-widget-wrap elementor-element-populated\">\n\t\t\t\t\t\t\t\t<div class=\"elementor-element elementor-element-a54ff93 elementor-widget elementor-widget-shortcode\" data-id=\"a54ff93\" data-element_type=\"widget\" data-widget_type=\"shortcode.default\">\n\t\t\t\t<div class=\"elementor-widget-container\">\n\t\t\t\t\t<div class=\"elementor-shortcode\"><div role=\"form\" class=\"wpcf7\" id=\"wpcf7-f46-o1\" lang=\"pt-BR\" dir=\"ltr\">\n<div class=\"screen-reader-response\"><p role=\"status\" aria-live=\"polite\" aria-atomic=\"true\"><\/p> <ul><\/ul><\/div>\n<form action=\"\/index.php\/wp-json\/wp\/v2\/pages\/14#wpcf7-f46-o1\" method=\"post\" class=\"wpcf7-form init\" novalidate=\"novalidate\" data-status=\"init\">\n<div style=\"display: none;\">\n<input type=\"hidden\" name=\"_wpcf7\" value=\"46\" \/>\n<input type=\"hidden\" name=\"_wpcf7_version\" value=\"5.6.1\" \/>\n<input type=\"hidden\" name=\"_wpcf7_locale\" value=\"pt_BR\" \/>\n<input type=\"hidden\" name=\"_wpcf7_unit_tag\" value=\"wpcf7-f46-o1\" \/>\n<input type=\"hidden\" name=\"_wpcf7_container_post\" value=\"0\" \/>\n<input type=\"hidden\" name=\"_wpcf7_posted_data_hash\" value=\"\" \/>\n<\/div>\n<p><span class=\"wpcf7-form-control-wrap\" data-name=\"Nome\"><input type=\"text\" name=\"Nome\" value=\"\" size=\"40\" class=\"wpcf7-form-control wpcf7-text wpcf7-validates-as-required\" aria-required=\"true\" aria-invalid=\"false\" placeholder=\"Nome\" \/><\/span><\/p>\n<div class=\"clearfix\">\n<div id=\"left\">\n       <span class=\"wpcf7-form-control-wrap\" data-name=\"email\"><input type=\"email\" name=\"email\" value=\"\" size=\"40\" class=\"wpcf7-form-control wpcf7-text wpcf7-email wpcf7-validates-as-required wpcf7-validates-as-email\" aria-required=\"true\" aria-invalid=\"false\" placeholder=\"E-mail\" \/><\/span>\n    <\/div>\n<div id=\"right\">\n        <span class=\"wpcf7-form-control-wrap\" data-name=\"telefone\"><input type=\"tel\" name=\"telefone\" value=\"\" size=\"40\" class=\"wpcf7-form-control wpcf7-text wpcf7-tel wpcf7-validates-as-required wpcf7-validates-as-tel\" aria-required=\"true\" aria-invalid=\"false\" placeholder=\"Telefone\" \/><\/span>\n    <\/div>\n<\/div>\n<p><span class=\"wpcf7-form-control-wrap\" data-name=\"mensagem\"><textarea name=\"mensagem\" cols=\"40\" rows=\"10\" class=\"wpcf7-form-control wpcf7-textarea\" aria-invalid=\"false\" placeholder=\"Mensagem\"><\/textarea><\/span><br \/>\n<input type=\"submit\" value=\"Enviar\" class=\"wpcf7-form-control has-spinner wpcf7-submit\" \/><\/p>\n<div class=\"wpcf7-response-output\" aria-hidden=\"true\"><\/div><\/form><\/div><\/div>\n\t\t\t\t<\/div>\n\t\t\t\t<\/div>\n\t\t\t\t\t<\/div>\n\t\t<\/div>\n\t\t\t\t\t\t\t<\/div>\n\t\t<\/section>\n\t\t\t\t<section class=\"elementor-section elementor-top-section elementor-element elementor-element-8b90796 elementor-section-full_width elementor-section-height-default elementor-section-height-default\" data-id=\"8b90796\" data-element_type=\"section\" data-settings=\"{&quot;background_background&quot;:&quot;classic&quot;}\">\n\t\t\t\t\t\t<div class=\"elementor-container elementor-column-gap-no\">\n\t\t\t\t\t<div class=\"elementor-column elementor-col-100 elementor-top-column elementor-element elementor-element-b366794\" data-id=\"b366794\" data-element_type=\"column\">\n\t\t\t<div class=\"elementor-widget-wrap elementor-element-populated\">\n\t\t\t\t\t\t\t\t<div class=\"elementor-element elementor-element-3f60d30 elementor-widget elementor-widget-heading\" data-id=\"3f60d30\" data-element_type=\"widget\" data-widget_type=\"heading.default\">\n\t\t\t\t<div class=\"elementor-widget-container\">\n\t\t\t<h5 class=\"elementor-heading-title elementor-size-default\">AMIF Todos os direitos reservados \u00a9 2022 \u2022 Feito por: <a style=\"text-decoration:none\" href=\"https:\/\/anybrand.com.br\"><img decoding=\"async\" src=\"https:\/\/queimartequeima.com.br\/wp-content\/uploads\/2022\/07\/Logo_anybrand_black.png\" alt=\"marca any brand\" width=\"70\"><\/a> \n\n<\/h5>\t\t<\/div>\n\t\t\t\t<\/div>\n\t\t\t\t\t<\/div>\n\t\t<\/div>\n\t\t\t\t\t\t\t<\/div>\n\t\t<\/section>\n\t\t\t\t\t\t\t<\/div>\n\t\t","protected":false},"excerpt":{"rendered":"<p>Voc\u00ea pode n\u00e3o saber, mas os inc\u00eandios florestais prejudicam a todos de maneira muito direta, seja na qualidade do ar, na falta de energia e \u00e1gua, no impacto financeiro e principalmente no futuro de nossas crian\u00e7as.\u00a0 \u00a0 Por isso te convidamos para,\u00a0 juntos,\u00a0 fazermos\u00a0 a mudan\u00e7a.\u00a0 \u00a0 Muitos\u00a0 problemas atuais do mundo s\u00e3o causa direta [&hellip;]<\/p>\n","protected":false},"author":1,"featured_media":0,"parent":0,"menu_order":0,"comment_status":"closed","ping_status":"closed","template":"elementor_canvas","meta":{"_exactmetrics_skip_tracking":false,"_exactmetrics_sitenote_active":false,"_exactmetrics_sitenote_note":"","_exactmetrics_sitenote_category":0,"footnotes":""},"class_list":["post-14","page","type-page","status-publish","hentry"],"aioseo_notices":[],"_links":{"self":[{"href":"https:\/\/queimartequeima.com.br\/index.php\/wp-json\/wp\/v2\/pages\/14","targetHints":{"allow":["GET"]}}],"collection":[{"href":"https:\/\/queimartequeima.com.br\/index.php\/wp-json\/wp\/v2\/pages"}],"about":[{"href":"https:\/\/queimartequeima.com.br\/index.php\/wp-json\/wp\/v2\/types\/page"}],"author":[{"embeddable":true,"href":"https:\/\/queimartequeima.com.br\/index.php\/wp-json\/wp\/v2\/users\/1"}],"replies":[{"embeddable":true,"href":"https:\/\/queimartequeima.com.br\/index.php\/wp-json\/wp\/v2\/comments?post=14"}],"version-history":[{"count":154,"href":"https:\/\/queimartequeima.com.br\/index.php\/wp-json\/wp\/v2\/pages\/14\/revisions"}],"predecessor-version":[{"id":354,"href":"https:\/\/queimartequeima.com.br\/index.php\/wp-json\/wp\/v2\/pages\/14\/revisions\/354"}],"wp:attachment":[{"href":"https:\/\/queimartequeima.com.br\/index.php\/wp-json\/wp\/v2\/media?parent=14"}],"curies":[{"name":"wp","href":"https:\/\/api.w.org\/{rel}","templated":true}]}}